{"id":4502,"date":"2025-05-26T11:02:26","date_gmt":"2025-05-26T11:02:26","guid":{"rendered":"https:\/\/orthodoxblessings.com\/shop\/filokalia-1\/"},"modified":"2025-05-26T11:02:26","modified_gmt":"2025-05-26T11:02:26","slug":"filokalia-1","status":"publish","type":"product","link":"https:\/\/orthodoxblessings.com\/sr\/shop\/filokalia-1\/","title":{"rendered":"Filokalia 1"},"content":{"rendered":"<p>\u201eFilokalija 1\u201c je zbirka tekstova svetih otaca koji pru\u017eaju dubok uvid u pravoslavnu duhovnost i asketsku praksu. Ova knjiga predstavlja neprocenjiv vodi\u010d za one koji te\u017ee dubljem razumevanju unutra\u0161njeg \u017eivota i duhovnog usavr\u0161avanja, nude\u0107i prakti\u010dne savete i pouke za svakodnevni duhovni \u017eivot.<\/p>\n","protected":false},"excerpt":{"rendered":"<p>\u201eFilokalija 1\u201c je zbirka tekstova svetih otaca koji pru\u017eaju dubok uvid u pravoslavnu duhovnost i asketsku praksu. Ova knjiga predstavlja neprocenjiv vodi\u010d za one koji te\u017ee dubljem razumevanju unutra\u0161njeg \u017eivota i duhovnog usavr\u0161avanja, nude\u0107i prakti\u010dne savete i pouke za svakodnevni duhovni \u017eivot.<\/p>\n","protected":false},"featured_media":4127,"template":"","meta":{"give_campaign_id":0},"product_brand":[],"product_cat":[307],"product_tag":[],"class_list":{"0":"post-4502","1":"product","2":"type-product","3":"status-publish","4":"has-post-thumbnail","6":"product_cat-duhovna-literatura","8":"first","9":"instock","10":"purchasable","11":"product-type-simple"},"_links":{"self":[{"href":"https:\/\/orthodoxblessings.com\/sr\/wp-json\/wp\/v2\/product\/4502","targetHints":{"allow":["GET"]}}],"collection":[{"href":"https:\/\/orthodoxblessings.com\/sr\/wp-json\/wp\/v2\/product"}],"about":[{"href":"https:\/\/orthodoxblessings.com\/sr\/wp-json\/wp\/v2\/types\/product"}],"wp:featuredmedia":[{"embeddable":true,"href":"https:\/\/orthodoxblessings.com\/sr\/wp-json\/wp\/v2\/media\/4127"}],"wp:attachment":[{"href":"https:\/\/orthodoxblessings.com\/sr\/wp-json\/wp\/v2\/media?parent=4502"}],"wp:term":[{"taxonomy":"product_brand","embeddable":true,"href":"https:\/\/orthodoxblessings.com\/sr\/wp-json\/wp\/v2\/product_brand?post=4502"},{"taxonomy":"product_cat","embeddable":true,"href":"https:\/\/orthodoxblessings.com\/sr\/wp-json\/wp\/v2\/product_cat?post=4502"},{"taxonomy":"product_tag","embeddable":true,"href":"https:\/\/orthodoxblessings.com\/sr\/wp-json\/wp\/v2\/product_tag?post=4502"}],"curies":[{"name":"wp","href":"https:\/\/api.w.org\/{rel}","templated":true}]}}