{"id":4501,"date":"2025-07-31T11:02:59","date_gmt":"2025-07-31T11:02:59","guid":{"rendered":"https:\/\/orthodoxblessings.com\/shop\/set-za-putovanja\/"},"modified":"2025-07-31T11:02:59","modified_gmt":"2025-07-31T11:02:59","slug":"set-za-putovanja","status":"publish","type":"product","link":"https:\/\/orthodoxblessings.com\/sr\/shop\/set-za-putovanja\/","title":{"rendered":"Set za putovanja"},"content":{"rendered":"<p>Neka vera ide sa vama gde god da ste.<br \/>\nOvaj pa\u017eljivo dizajnirani pravoslavni set sadr\u017ei manji diptih sa ikonama Isusa Hrista i Presvete Bogorodice, sme\u0161ten u elegantnim i izdr\u017eljivim ko\u017enim koricama, savr\u0161enim za no\u0161enje u torbi, koferu ili automobilu.<\/p>\n<p>Diptih slu\u017ei kao mali prenosni oltar, podse\u0107aju\u010di na molitvu, bliskost i prisustvo Bo\u017eje, bez obzira gde se nalazite.<br \/>\nOvaj diptih predstavlja duhovnu ravnote\u017eu, za\u0161titu i blagoslov za put.<br \/>\nMnogi vernici koriste putni diptih za ve\u010dernju molitvu u hotelima, u autu pre putovanja, ili pri izlasku i povratku ku\u0107i.<\/p>\n<p>Gde god da idete, neka Bog ide s vama.<br \/>\nPutni diptih je vi\u0161e od ikone. To je znak da ljubav i vera ne poznaju granice.<\/p>\n","protected":false},"excerpt":{"rendered":"<p>Neka vera ide sa vama gde god da ste.<br \/>\nOvaj pa\u017eljivo dizajnirani pravoslavni set sadr\u017ei manji diptih sa ikonama Isusa Hrista i Presvete Bogorodice, sme\u0161ten u elegantnim i izdr\u017eljivim ko\u017enim koricama, savr\u0161enim za no\u0161enje u torbi, koferu ili automobilu.<\/p>\n","protected":false},"featured_media":4319,"template":"","meta":{"give_campaign_id":0},"product_brand":[],"product_cat":[306],"product_tag":[],"class_list":{"0":"post-4501","1":"product","2":"type-product","3":"status-publish","4":"has-post-thumbnail","6":"product_cat-poklon-setovi","8":"first","9":"instock","10":"shipping-taxable","11":"purchasable","12":"product-type-simple"},"_links":{"self":[{"href":"https:\/\/orthodoxblessings.com\/sr\/wp-json\/wp\/v2\/product\/4501","targetHints":{"allow":["GET"]}}],"collection":[{"href":"https:\/\/orthodoxblessings.com\/sr\/wp-json\/wp\/v2\/product"}],"about":[{"href":"https:\/\/orthodoxblessings.com\/sr\/wp-json\/wp\/v2\/types\/product"}],"wp:featuredmedia":[{"embeddable":true,"href":"https:\/\/orthodoxblessings.com\/sr\/wp-json\/wp\/v2\/media\/4319"}],"wp:attachment":[{"href":"https:\/\/orthodoxblessings.com\/sr\/wp-json\/wp\/v2\/media?parent=4501"}],"wp:term":[{"taxonomy":"product_brand","embeddable":true,"href":"https:\/\/orthodoxblessings.com\/sr\/wp-json\/wp\/v2\/product_brand?post=4501"},{"taxonomy":"product_cat","embeddable":true,"href":"https:\/\/orthodoxblessings.com\/sr\/wp-json\/wp\/v2\/product_cat?post=4501"},{"taxonomy":"product_tag","embeddable":true,"href":"https:\/\/orthodoxblessings.com\/sr\/wp-json\/wp\/v2\/product_tag?post=4501"}],"curies":[{"name":"wp","href":"https:\/\/api.w.org\/{rel}","templated":true}]}}