{"id":4499,"date":"2025-07-31T11:13:27","date_gmt":"2025-07-31T11:13:27","guid":{"rendered":"https:\/\/orthodoxblessings.com\/shop\/mali-set-za-bracnu-sobu\/"},"modified":"2025-07-31T11:13:27","modified_gmt":"2025-07-31T11:13:27","slug":"mali-set-za-bracnu-sobu","status":"publish","type":"product","link":"https:\/\/orthodoxblessings.com\/sr\/shop\/mali-set-za-bracnu-sobu\/","title":{"rendered":"Mali set za bra\u010dnu sobu"},"content":{"rendered":"<p>Unesite blagoslov u svoj dom uz ovaj set za bra\u010dnu sobu. U setu se nalazi diptih sa ikonama Isusa Hrista i Presvete Bogorodice koji su simbol duhovnog jedinstva, za\u0161tite i svetosti braka.<\/p>\n<div class=\"elementor-element elementor-element-319798f e-n-tabs-mobile elementor-widget elementor-widget-n-tabs\" data-id=\"319798f\" data-element_type=\"widget\" data-settings=\"{\"tabs_justify_horizontal\":\"stretch\",\"horizontal_scroll\":\"disable\"}\" data-widget_type=\"nested-tabs.default\">\n<div class=\"elementor-widget-container\">\n<div class=\"e-n-tabs e-activated\" data-widget-number=\"52001167\" aria-label=\"Tabs. Open items with Enter or Space, close with Escape and navigate using the Arrow keys.\" data-touch-mode=\"false\">\n<div class=\"e-n-tabs-content\">\n<div id=\"e-n-tab-content-520011671\" class=\"e-active elementor-element elementor-element-73c41a6 e-con-full e-flex e-con e-child\" role=\"tabpanel\" aria-labelledby=\"e-n-tab-title-520011671\" data-tab-index=\"1\" data-id=\"73c41a6\" data-element_type=\"container\">\n<div class=\"elementor-element elementor-element-1f00fe3 e-flex e-con-boxed e-con e-child\" data-id=\"1f00fe3\" data-element_type=\"container\">\n<div class=\"e-con-inner\">\n<div class=\"elementor-element elementor-element-3ccdd0c elementor-widget elementor-widget-woocommerce-product-content\" data-id=\"3ccdd0c\" data-element_type=\"widget\" data-widget_type=\"woocommerce-product-content.default\">\n<div class=\"elementor-widget-container\">\n<p>Ova ikona u diptihu kombinuje dva najva\u017enija hri\u0161\u0107anska lika: Isusa Hrista i Presvetu Bogorodicu, u elegantnom ruskom dizajnu. Njihovi likovi predstavljaju centralne figure hri\u0161\u0107anske vere, a crveni pli\u0161 dodaje duboku duhovnu ozbiljnost i lepotu.<\/p>\n<\/div>\n<\/div>\n<\/div>\n<\/div>\n<\/div>\n<\/div>\n<\/div>\n<\/div>\n<\/div>\n<p>Diptih je idealan za svakodnevnu molitvu supru\u017enika, tihe trenutke zahvalnosti, \u010duvanja vere i mira u domu.<br \/>\nNeka va\u0161e zajedni\u0161tvo uvek bude ukrojeno u veri.<\/p>\n","protected":false},"excerpt":{"rendered":"<p>Mali set za bra\u010dnu sobu u duptihu kombinuju dva najva\u017enija hri\u0161\u0107anska lika: Isusa Hrista i Presvetu Bogorodicu, u elegantnom ruskom dizajnu. Njihovi likovi predstavljaju centralne figure hri\u0161\u0107anske vere, a crveni pli\u0161 dodaje duboku duhovnu ozbiljnost i lepotu.<\/p>\n","protected":false},"featured_media":4321,"template":"","meta":{"give_campaign_id":0},"product_brand":[],"product_cat":[306],"product_tag":[],"class_list":{"0":"post-4499","1":"product","2":"type-product","3":"status-publish","4":"has-post-thumbnail","6":"product_cat-poklon-setovi","8":"first","9":"instock","10":"shipping-taxable","11":"purchasable","12":"product-type-simple"},"_links":{"self":[{"href":"https:\/\/orthodoxblessings.com\/sr\/wp-json\/wp\/v2\/product\/4499","targetHints":{"allow":["GET"]}}],"collection":[{"href":"https:\/\/orthodoxblessings.com\/sr\/wp-json\/wp\/v2\/product"}],"about":[{"href":"https:\/\/orthodoxblessings.com\/sr\/wp-json\/wp\/v2\/types\/product"}],"wp:featuredmedia":[{"embeddable":true,"href":"https:\/\/orthodoxblessings.com\/sr\/wp-json\/wp\/v2\/media\/4321"}],"wp:attachment":[{"href":"https:\/\/orthodoxblessings.com\/sr\/wp-json\/wp\/v2\/media?parent=4499"}],"wp:term":[{"taxonomy":"product_brand","embeddable":true,"href":"https:\/\/orthodoxblessings.com\/sr\/wp-json\/wp\/v2\/product_brand?post=4499"},{"taxonomy":"product_cat","embeddable":true,"href":"https:\/\/orthodoxblessings.com\/sr\/wp-json\/wp\/v2\/product_cat?post=4499"},{"taxonomy":"product_tag","embeddable":true,"href":"https:\/\/orthodoxblessings.com\/sr\/wp-json\/wp\/v2\/product_tag?post=4499"}],"curies":[{"name":"wp","href":"https:\/\/api.w.org\/{rel}","templated":true}]}}