{"id":5240,"date":"2025-06-23T07:29:01","date_gmt":"2025-06-23T07:29:01","guid":{"rendered":"https:\/\/orthodoxblessings.com\/blog\/"},"modified":"2025-08-23T17:36:38","modified_gmt":"2025-08-23T17:36:38","slug":"blog","status":"publish","type":"page","link":"https:\/\/orthodoxblessings.com\/sr\/blog\/","title":{"rendered":"Blog"},"content":{"rendered":"\t\t<div data-elementor-type=\"wp-page\" data-elementor-id=\"5240\" class=\"elementor elementor-5240 elementor-2759\" data-elementor-post-type=\"page\">\n\t\t\t\t<div class=\"elementor-element elementor-element-29a22c3 e-flex e-con-boxed e-con e-parent\" data-id=\"29a22c3\" data-element_type=\"container\" data-settings=\"{&quot;background_background&quot;:&quot;classic&quot;}\">\n\t\t\t\t\t<div class=\"e-con-inner\">\n\t\t\t\t<div class=\"elementor-element elementor-element-22be3f7 elementor-widget elementor-widget-heading\" data-id=\"22be3f7\" data-element_type=\"widget\" data-widget_type=\"heading.default\">\n\t\t\t\t<div class=\"elementor-widget-container\">\n\t\t\t\t\t<h2 class=\"elementor-heading-title elementor-size-default\">Blog<\/h2>\t\t\t\t<\/div>\n\t\t\t\t<\/div>\n\t\t\t\t<div class=\"elementor-element elementor-element-7a3bc2e elementor-widget-divider--view-line elementor-widget elementor-widget-divider\" data-id=\"7a3bc2e\" data-element_type=\"widget\" data-widget_type=\"divider.default\">\n\t\t\t\t<div class=\"elementor-widget-container\">\n\t\t\t\t\t\t\t<div class=\"elementor-divider\">\n\t\t\t<span class=\"elementor-divider-separator\">\n\t\t\t\t\t\t<\/span>\n\t\t<\/div>\n\t\t\t\t\t\t<\/div>\n\t\t\t\t<\/div>\n\t\t\t\t<div class=\"elementor-element elementor-element-43f42c3 elementor-widget elementor-widget-woocommerce-breadcrumb\" data-id=\"43f42c3\" data-element_type=\"widget\" data-widget_type=\"woocommerce-breadcrumb.default\">\n\t\t\t\t<div class=\"elementor-widget-container\">\n\t\t\t\t\t<nav class=\"woocommerce-breadcrumb\" aria-label=\"Breadcrumb\">Po\u010detna<\/nav>\t\t\t\t<\/div>\n\t\t\t\t<\/div>\n\t\t\t\t\t<\/div>\n\t\t\t\t<\/div>\n\t\t<div class=\"elementor-element elementor-element-0fd50d1 e-flex e-con-boxed e-con e-parent\" data-id=\"0fd50d1\" data-element_type=\"container\">\n\t\t\t\t\t<div class=\"e-con-inner\">\n\t\t\t\t<div class=\"elementor-element elementor-element-01c45d2 elementor-grid-4 elementor-posts--thumbnail-none elementor-grid-tablet-2 elementor-grid-mobile-1 elementor-card-shadow-yes elementor-posts__hover-gradient elementor-widget elementor-widget-posts\" data-id=\"01c45d2\" data-element_type=\"widget\" data-settings=\"{&quot;cards_columns&quot;:&quot;4&quot;,&quot;cards_row_gap&quot;:{&quot;unit&quot;:&quot;px&quot;,&quot;size&quot;:20,&quot;sizes&quot;:[]},&quot;cards_columns_tablet&quot;:&quot;2&quot;,&quot;cards_columns_mobile&quot;:&quot;1&quot;,&quot;cards_row_gap_tablet&quot;:{&quot;unit&quot;:&quot;px&quot;,&quot;size&quot;:&quot;&quot;,&quot;sizes&quot;:[]},&quot;cards_row_gap_mobile&quot;:{&quot;unit&quot;:&quot;px&quot;,&quot;size&quot;:&quot;&quot;,&quot;sizes&quot;:[]}}\" data-widget_type=\"posts.cards\">\n\t\t\t\t<div class=\"elementor-widget-container\">\n\t\t\t\t\t\t\t<div class=\"elementor-posts-container elementor-posts elementor-posts--skin-cards elementor-grid\" role=\"list\">\n\t\t\t\t<article class=\"elementor-post elementor-grid-item post-5206 post type-post status-publish format-standard hentry category-blog-sr\" role=\"listitem\">\n\t\t\t<div class=\"elementor-post__card\">\n\t\t\t\t<div class=\"elementor-post__text\">\n\t\t\t\t<h3 class=\"elementor-post__title\">\n\t\t\t<a href=\"https:\/\/orthodoxblessings.com\/sr\/prica-o-pcelama-mali-radnici-velike-vaznosti\/\" >\n\t\t\t\tPri\u010da o p\u010delama \u2013 Mali radnici velike va\u017enosti\t\t\t<\/a>\n\t\t<\/h3>\n\t\t\t\t<div class=\"elementor-post__excerpt\">\n\t\t\t<p>U prirodi postoji mnogo \u010dudesnih stvorenja, ali p\u010dele zauzimaju posebno mesto zbog svoje vrednosti za \u017eivot ljudi i cele planete. Ove male radilice ne samo<\/p>\n\t\t<\/div>\n\t\t\t\t\t<div class=\"elementor-post__read-more-wrapper\">\n\t\t\n\t\t<a class=\"elementor-post__read-more\" href=\"https:\/\/orthodoxblessings.com\/sr\/prica-o-pcelama-mali-radnici-velike-vaznosti\/\" aria-label=\"Read more about Pri\u010da o p\u010delama \u2013 Mali radnici velike va\u017enosti\" tabindex=\"-1\" >\n\t\t\tPro\u010ditaj ceo \u010dlanak \u00bb\t\t<\/a>\n\n\t\t\t\t\t<\/div>\n\t\t\t\t<\/div>\n\t\t\t\t\t<\/div>\n\t\t<\/article>\n\t\t\t\t<article class=\"elementor-post elementor-grid-item post-5213 post type-post status-publish format-standard hentry category-blog-sr\" role=\"listitem\">\n\t\t\t<div class=\"elementor-post__card\">\n\t\t\t\t<div class=\"elementor-post__text\">\n\t\t\t\t<h3 class=\"elementor-post__title\">\n\t\t\t<a href=\"https:\/\/orthodoxblessings.com\/sr\/svece-za-zdravlje-i-pokoj-duse-svetlost-koja-povezuje-nebo-i-zemlju\/\" >\n\t\t\t\tSve\u0107e za zdravlje i pokoj du\u0161e \u2013 Svetlost koja povezuje nebo i zemlju\t\t\t<\/a>\n\t\t<\/h3>\n\t\t\t\t<div class=\"elementor-post__excerpt\">\n\t\t\t<p>U pravoslavnoj tradiciji, sve\u0107e zauzimaju posebno mesto. Njihova svetlost simbolizuje veru, nadu i ve\u010dnu Bo\u017eiju prisutnost. Svaka sve\u0107a koja se zapali u crkvi ili kod<\/p>\n\t\t<\/div>\n\t\t\t\t\t<div class=\"elementor-post__read-more-wrapper\">\n\t\t\n\t\t<a class=\"elementor-post__read-more\" href=\"https:\/\/orthodoxblessings.com\/sr\/svece-za-zdravlje-i-pokoj-duse-svetlost-koja-povezuje-nebo-i-zemlju\/\" aria-label=\"Read more about Sve\u0107e za zdravlje i pokoj du\u0161e \u2013 Svetlost koja povezuje nebo i zemlju\" tabindex=\"-1\" >\n\t\t\tPro\u010ditaj ceo \u010dlanak \u00bb\t\t<\/a>\n\n\t\t\t\t\t<\/div>\n\t\t\t\t<\/div>\n\t\t\t\t\t<\/div>\n\t\t<\/article>\n\t\t\t\t<article class=\"elementor-post elementor-grid-item post-5216 post type-post status-publish format-standard hentry category-blog-sr\" role=\"listitem\">\n\t\t\t<div class=\"elementor-post__card\">\n\t\t\t\t<div class=\"elementor-post__text\">\n\t\t\t\t<h3 class=\"elementor-post__title\">\n\t\t\t<a href=\"https:\/\/orthodoxblessings.com\/sr\/prica-o-svetoj-petki-zastitnici-zena-i-porodica-kako-je-jedna-svetiteljka-promenila-zivote\/\" >\n\t\t\t\tPri\u010da o Svetoj Petki \u2013 za\u0161titnici \u017eena i porodica: Kako je jedna svetiteljka promenila \u017eivote\t\t\t<\/a>\n\t\t<\/h3>\n\t\t\t\t<div class=\"elementor-post__excerpt\">\n\t\t\t<p>Sofija je oduvek imala poseban odnos prema Svetoj Petki. Jo\u0161 kao dete slu\u0161ala je od svoje majke pri\u010de o \u017eivotu ove svete \u017eene i \u010dudima<\/p>\n\t\t<\/div>\n\t\t\t\t\t<div class=\"elementor-post__read-more-wrapper\">\n\t\t\n\t\t<a class=\"elementor-post__read-more\" href=\"https:\/\/orthodoxblessings.com\/sr\/prica-o-svetoj-petki-zastitnici-zena-i-porodica-kako-je-jedna-svetiteljka-promenila-zivote\/\" aria-label=\"Read more about Pri\u010da o Svetoj Petki \u2013 za\u0161titnici \u017eena i porodica: Kako je jedna svetiteljka promenila \u017eivote\" tabindex=\"-1\" >\n\t\t\tPro\u010ditaj ceo \u010dlanak \u00bb\t\t<\/a>\n\n\t\t\t\t\t<\/div>\n\t\t\t\t<\/div>\n\t\t\t\t\t<\/div>\n\t\t<\/article>\n\t\t\t\t<article class=\"elementor-post elementor-grid-item post-5219 post type-post status-publish format-standard hentry category-blog-sr\" role=\"listitem\">\n\t\t\t<div class=\"elementor-post__card\">\n\t\t\t\t<div class=\"elementor-post__text\">\n\t\t\t\t<h3 class=\"elementor-post__title\">\n\t\t\t<a href=\"https:\/\/orthodoxblessings.com\/sr\/kako-pravilno-urediti-molitveni-kutak-u-svom-domu-prica-o-mestu-koje-zraci-mirom\/\" >\n\t\t\t\tKako pravilno urediti molitveni kutak u svom domu: Pri\u010da o mestu koje zra\u010di mirom\t\t\t<\/a>\n\t\t<\/h3>\n\t\t\t\t<div class=\"elementor-post__excerpt\">\n\t\t\t<p>Milica je odrasla u porodici koja je mnogo cenila duhovne vrednosti. Me\u0111utim, kada je zapo\u010dela samostalan \u017eivot u svom novom stanu, shvatila je da joj<\/p>\n\t\t<\/div>\n\t\t\t\t\t<div class=\"elementor-post__read-more-wrapper\">\n\t\t\n\t\t<a class=\"elementor-post__read-more\" href=\"https:\/\/orthodoxblessings.com\/sr\/kako-pravilno-urediti-molitveni-kutak-u-svom-domu-prica-o-mestu-koje-zraci-mirom\/\" aria-label=\"Read more about Kako pravilno urediti molitveni kutak u svom domu: Pri\u010da o mestu koje zra\u010di mirom\" tabindex=\"-1\" >\n\t\t\tPro\u010ditaj ceo \u010dlanak \u00bb\t\t<\/a>\n\n\t\t\t\t\t<\/div>\n\t\t\t\t<\/div>\n\t\t\t\t\t<\/div>\n\t\t<\/article>\n\t\t\t\t<article class=\"elementor-post elementor-grid-item post-5221 post type-post status-publish format-standard hentry category-blog-sr\" role=\"listitem\">\n\t\t\t<div class=\"elementor-post__card\">\n\t\t\t\t<div class=\"elementor-post__text\">\n\t\t\t\t<h3 class=\"elementor-post__title\">\n\t\t\t<a href=\"https:\/\/orthodoxblessings.com\/sr\/tajne-i-blagodati-paljenja-kandila-u-kuci-prica-o-svetlosti-koja-menja-zivot\/\" >\n\t\t\t\tTajne i blagodati paljenja kandila u ku\u0107i: Pri\u010da o svetlosti koja menja \u017eivot\t\t\t<\/a>\n\t\t<\/h3>\n\t\t\t\t<div class=\"elementor-post__excerpt\">\n\t\t\t<p>Petar je bio \u010dovek koji je uvek \u017eiveo brzo i intenzivno. Posao mu je zauzimao najve\u0107i deo dana, a malo slobodnog vremena \u0161to bi mu<\/p>\n\t\t<\/div>\n\t\t\t\t\t<div class=\"elementor-post__read-more-wrapper\">\n\t\t\n\t\t<a class=\"elementor-post__read-more\" href=\"https:\/\/orthodoxblessings.com\/sr\/tajne-i-blagodati-paljenja-kandila-u-kuci-prica-o-svetlosti-koja-menja-zivot\/\" aria-label=\"Read more about Tajne i blagodati paljenja kandila u ku\u0107i: Pri\u010da o svetlosti koja menja \u017eivot\" tabindex=\"-1\" >\n\t\t\tPro\u010ditaj ceo \u010dlanak \u00bb\t\t<\/a>\n\n\t\t\t\t\t<\/div>\n\t\t\t\t<\/div>\n\t\t\t\t\t<\/div>\n\t\t<\/article>\n\t\t\t\t<article class=\"elementor-post elementor-grid-item post-5225 post type-post status-publish format-standard hentry category-blog-sr\" role=\"listitem\">\n\t\t\t<div class=\"elementor-post__card\">\n\t\t\t\t<div class=\"elementor-post__text\">\n\t\t\t\t<h3 class=\"elementor-post__title\">\n\t\t\t<a href=\"https:\/\/orthodoxblessings.com\/sr\/pet-stvari-koje-svaki-pravoslavni-dom-treba-da-ima-prica-o-duhovnoj-transformaciji-jednog-doma\/\" >\n\t\t\t\tPet stvari koje svaki pravoslavni dom treba da ima: Pri\u010da o duhovnoj transformaciji jednog doma\t\t\t<\/a>\n\t\t<\/h3>\n\t\t\t\t<div class=\"elementor-post__excerpt\">\n\t\t\t<p>Ivana i Marko su se nedavno ven\u010dali i preselili u svoj prvi zajedni\u010dki dom. Iako su oboje odrasli u pravoslavnim porodicama, nikada ranije nisu sami<\/p>\n\t\t<\/div>\n\t\t\t\t\t<div class=\"elementor-post__read-more-wrapper\">\n\t\t\n\t\t<a class=\"elementor-post__read-more\" href=\"https:\/\/orthodoxblessings.com\/sr\/pet-stvari-koje-svaki-pravoslavni-dom-treba-da-ima-prica-o-duhovnoj-transformaciji-jednog-doma\/\" aria-label=\"Read more about Pet stvari koje svaki pravoslavni dom treba da ima: Pri\u010da o duhovnoj transformaciji jednog doma\" tabindex=\"-1\" >\n\t\t\tPro\u010ditaj ceo \u010dlanak \u00bb\t\t<\/a>\n\n\t\t\t\t\t<\/div>\n\t\t\t\t<\/div>\n\t\t\t\t\t<\/div>\n\t\t<\/article>\n\t\t\t\t<article class=\"elementor-post elementor-grid-item post-5228 post type-post status-publish format-standard hentry category-blog-sr\" role=\"listitem\">\n\t\t\t<div class=\"elementor-post__card\">\n\t\t\t\t<div class=\"elementor-post__text\">\n\t\t\t\t<h3 class=\"elementor-post__title\">\n\t\t\t<a href=\"https:\/\/orthodoxblessings.com\/sr\/prica-o-poklonu-za-krstenje-kako-je-jedan-dar-postao-trajna-uspomena\/\" >\n\t\t\t\tPri\u010da o poklonu za kr\u0161tenje: Kako je jedan dar postao trajna uspomena\t\t\t<\/a>\n\t\t<\/h3>\n\t\t\t\t<div class=\"elementor-post__excerpt\">\n\t\t\t<p>Marija je oduvek bila poznata po svom velikom srcu i pa\u017enji prema detaljima, posebno kada se radilo o dragim ljudima. Kada je saznala da \u0107e<\/p>\n\t\t<\/div>\n\t\t\t\t\t<div class=\"elementor-post__read-more-wrapper\">\n\t\t\n\t\t<a class=\"elementor-post__read-more\" href=\"https:\/\/orthodoxblessings.com\/sr\/prica-o-poklonu-za-krstenje-kako-je-jedan-dar-postao-trajna-uspomena\/\" aria-label=\"Read more about Pri\u010da o poklonu za kr\u0161tenje: Kako je jedan dar postao trajna uspomena\" tabindex=\"-1\" >\n\t\t\tPro\u010ditaj ceo \u010dlanak \u00bb\t\t<\/a>\n\n\t\t\t\t\t<\/div>\n\t\t\t\t<\/div>\n\t\t\t\t\t<\/div>\n\t\t<\/article>\n\t\t\t\t<article class=\"elementor-post elementor-grid-item post-5230 post type-post status-publish format-standard hentry category-blog-sr\" role=\"listitem\">\n\t\t\t<div class=\"elementor-post__card\">\n\t\t\t\t<div class=\"elementor-post__text\">\n\t\t\t\t<h3 class=\"elementor-post__title\">\n\t\t\t<a href=\"https:\/\/orthodoxblessings.com\/sr\/prica-o-ikonama-kako-su-pravoslavne-ikone-promenile-zivot-jednog-coveka\/\" >\n\t\t\t\tPri\u010da o ikonama: Kako su pravoslavne ikone promenile \u017eivot jednog \u010doveka\t\t\t<\/a>\n\t\t<\/h3>\n\t\t\t\t<div class=\"elementor-post__excerpt\">\n\t\t\t<p>Nikola je bio obi\u010dan \u010dovek, zaposlen u maloj kancelariji, sa rutinskim \u017eivotom. Ipak, ose\u0107ao je neku prazninu, nedostatak smisla i unutra\u0161njeg mira. Jednog popodneva, \u0161etaju\u0107i<\/p>\n\t\t<\/div>\n\t\t\t\t\t<div class=\"elementor-post__read-more-wrapper\">\n\t\t\n\t\t<a class=\"elementor-post__read-more\" href=\"https:\/\/orthodoxblessings.com\/sr\/prica-o-ikonama-kako-su-pravoslavne-ikone-promenile-zivot-jednog-coveka\/\" aria-label=\"Read more about Pri\u010da o ikonama: Kako su pravoslavne ikone promenile \u017eivot jednog \u010doveka\" tabindex=\"-1\" >\n\t\t\tPro\u010ditaj ceo \u010dlanak \u00bb\t\t<\/a>\n\n\t\t\t\t\t<\/div>\n\t\t\t\t<\/div>\n\t\t\t\t\t<\/div>\n\t\t<\/article>\n\t\t\t\t<\/div>\n\t\t\n\t\t\t\t\t\t<\/div>\n\t\t\t\t<\/div>\n\t\t\t\t\t<\/div>\n\t\t\t\t<\/div>\n\t\t\t\t<\/div>\n\t\t","protected":false},"excerpt":{"rendered":"<p>Blog<\/p>\n","protected":false},"author":1,"featured_media":0,"parent":0,"menu_order":0,"comment_status":"closed","ping_status":"closed","template":"","meta":{"give_campaign_id":0,"footnotes":""},"class_list":["post-5240","page","type-page","status-publish","hentry"],"campaignId":"","_links":{"self":[{"href":"https:\/\/orthodoxblessings.com\/sr\/wp-json\/wp\/v2\/pages\/5240","targetHints":{"allow":["GET"]}}],"collection":[{"href":"https:\/\/orthodoxblessings.com\/sr\/wp-json\/wp\/v2\/pages"}],"about":[{"href":"https:\/\/orthodoxblessings.com\/sr\/wp-json\/wp\/v2\/types\/page"}],"author":[{"embeddable":true,"href":"https:\/\/orthodoxblessings.com\/sr\/wp-json\/wp\/v2\/users\/1"}],"replies":[{"embeddable":true,"href":"https:\/\/orthodoxblessings.com\/sr\/wp-json\/wp\/v2\/comments?post=5240"}],"version-history":[{"count":4,"href":"https:\/\/orthodoxblessings.com\/sr\/wp-json\/wp\/v2\/pages\/5240\/revisions"}],"predecessor-version":[{"id":5247,"href":"https:\/\/orthodoxblessings.com\/sr\/wp-json\/wp\/v2\/pages\/5240\/revisions\/5247"}],"wp:attachment":[{"href":"https:\/\/orthodoxblessings.com\/sr\/wp-json\/wp\/v2\/media?parent=5240"}],"curies":[{"name":"wp","href":"https:\/\/api.w.org\/{rel}","templated":true}]}}