{"id":5012,"date":"2025-06-12T12:05:36","date_gmt":"2025-06-12T12:05:36","guid":{"rendered":"https:\/\/orthodoxblessings.com\/donacije\/"},"modified":"2025-10-03T08:04:36","modified_gmt":"2025-10-03T08:04:36","slug":"donacije","status":"publish","type":"page","link":"https:\/\/orthodoxblessings.com\/sr\/donacije\/","title":{"rendered":"Donacije"},"content":{"rendered":"\t\t<div data-elementor-type=\"wp-page\" data-elementor-id=\"5012\" class=\"elementor elementor-5012 elementor-2358\" data-elementor-post-type=\"page\">\n\t\t\t\t<div class=\"elementor-element elementor-element-358769d e-flex e-con-boxed e-con e-parent\" data-id=\"358769d\" data-element_type=\"container\" data-settings=\"{&quot;background_background&quot;:&quot;classic&quot;}\">\n\t\t\t\t\t<div class=\"e-con-inner\">\n\t\t\t\t<div class=\"elementor-element elementor-element-16f3148 elementor-widget elementor-widget-heading\" data-id=\"16f3148\" data-element_type=\"widget\" data-widget_type=\"heading.default\">\n\t\t\t\t<div class=\"elementor-widget-container\">\n\t\t\t\t\t<h2 class=\"elementor-heading-title elementor-size-default\">Donacije<\/h2>\t\t\t\t<\/div>\n\t\t\t\t<\/div>\n\t\t\t\t<div class=\"elementor-element elementor-element-6435548 elementor-widget-divider--view-line elementor-widget elementor-widget-divider\" data-id=\"6435548\" data-element_type=\"widget\" data-widget_type=\"divider.default\">\n\t\t\t\t<div class=\"elementor-widget-container\">\n\t\t\t\t\t\t\t<div class=\"elementor-divider\">\n\t\t\t<span class=\"elementor-divider-separator\">\n\t\t\t\t\t\t<\/span>\n\t\t<\/div>\n\t\t\t\t\t\t<\/div>\n\t\t\t\t<\/div>\n\t\t\t\t<div class=\"elementor-element elementor-element-7869d21 elementor-widget elementor-widget-woocommerce-breadcrumb\" data-id=\"7869d21\" data-element_type=\"widget\" data-widget_type=\"woocommerce-breadcrumb.default\">\n\t\t\t\t<div class=\"elementor-widget-container\">\n\t\t\t\t\t<nav class=\"woocommerce-breadcrumb\" aria-label=\"Breadcrumb\">Po\u010detna<\/nav>\t\t\t\t<\/div>\n\t\t\t\t<\/div>\n\t\t\t\t\t<\/div>\n\t\t\t\t<\/div>\n\t\t<div class=\"elementor-element elementor-element-c307aed e-flex e-con-boxed e-con e-parent\" data-id=\"c307aed\" data-element_type=\"container\" data-settings=\"{&quot;background_background&quot;:&quot;classic&quot;}\">\n\t\t\t\t\t<div class=\"e-con-inner\">\n\t\t<div class=\"elementor-element elementor-element-698516b e-con-full e-flex e-con e-child\" data-id=\"698516b\" data-element_type=\"container\">\n\t\t<div class=\"elementor-element elementor-element-8bc4b5f e-con-full e-flex e-con e-child\" data-id=\"8bc4b5f\" data-element_type=\"container\">\n\t\t\t\t<div class=\"elementor-element elementor-element-af42fb7 elementor-widget elementor-widget-heading\" data-id=\"af42fb7\" data-element_type=\"widget\" data-widget_type=\"heading.default\">\n\t\t\t\t<div class=\"elementor-widget-container\">\n\t\t\t\t\t<h2 class=\"elementor-heading-title elementor-size-default\">Koliko biste \u017eeleli da donirate?<\/h2>\t\t\t\t<\/div>\n\t\t\t\t<\/div>\n\t\t\t\t<div class=\"elementor-element elementor-element-9b97ef7 elementor-widget elementor-widget-text-editor\" data-id=\"9b97ef7\" data-element_type=\"widget\" data-widget_type=\"text-editor.default\">\n\t\t\t\t<div class=\"elementor-widget-container\">\n\t\t\t\t\t\t\t\t\t<p>Sve donacije direktno uti\u010du na na\u0161u organizaciju i poma\u017eu nam da unapredimo na\u0161u misiju.<\/p>\t\t\t\t\t\t\t\t<\/div>\n\t\t\t\t<\/div>\n\t\t\t\t<div class=\"elementor-element elementor-element-9549514 elementor-widget__width-initial elementor-widget elementor-widget-shortcode\" data-id=\"9549514\" data-element_type=\"widget\" data-widget_type=\"shortcode.default\">\n\t\t\t\t<div class=\"elementor-widget-container\">\n\t\t\t\t\t\t\t<div class=\"elementor-shortcode\"><ul class=\"woocommerce-error wcdp-error-message\" id=\"wcdp-ajax-error\" role=\"alert\"><li>In the current view, the donation form is not available.<\/li><\/ul><\/div>\n\t\t\t\t\t\t<\/div>\n\t\t\t\t<\/div>\n\t\t\t\t<\/div>\n\t\t<div class=\"elementor-element elementor-element-185b292 e-con-full e-flex e-con e-child\" data-id=\"185b292\" data-element_type=\"container\">\n\t\t\t\t<div class=\"elementor-element elementor-element-9c14d5c elementor-widget elementor-widget-text-editor\" data-id=\"9c14d5c\" data-element_type=\"widget\" data-widget_type=\"text-editor.default\">\n\t\t\t\t<div class=\"elementor-widget-container\">\n\t\t\t\t\t\t\t\t\t<p>Jedan blok za izgradnju crkve je 50 \u20ac, a donator dobija mogu\u0107nost da njegovo ime bude na zidinama crkve i sajtu Svete Petke. Po\u0161to si ve\u0107 donirao kupovinom, mo\u017ee\u0161 biti upisan kao graditelj donacijom od 20 \u20ac.<\/p>\t\t\t\t\t\t\t\t<\/div>\n\t\t\t\t<\/div>\n\t\t\t\t<div class=\"elementor-element elementor-element-fdd356d elementor-widget elementor-widget-image\" data-id=\"fdd356d\" data-element_type=\"widget\" data-widget_type=\"image.default\">\n\t\t\t\t<div class=\"elementor-widget-container\">\n\t\t\t\t\t\t\t\t\t\t\t\t\t\t\t<img fetchpriority=\"high\" decoding=\"async\" width=\"1920\" height=\"1080\" src=\"https:\/\/orthodoxblessings.com\/wp-content\/uploads\/2025\/06\/Druga_pocetna_desaturisana.png\" class=\"attachment-full size-full wp-image-4189\" alt=\"\" srcset=\"https:\/\/orthodoxblessings.com\/wp-content\/uploads\/2025\/06\/Druga_pocetna_desaturisana.png 1920w, https:\/\/orthodoxblessings.com\/wp-content\/uploads\/2025\/06\/Druga_pocetna_desaturisana-300x169.png 300w, https:\/\/orthodoxblessings.com\/wp-content\/uploads\/2025\/06\/Druga_pocetna_desaturisana-1024x576.png 1024w, https:\/\/orthodoxblessings.com\/wp-content\/uploads\/2025\/06\/Druga_pocetna_desaturisana-768x432.png 768w, https:\/\/orthodoxblessings.com\/wp-content\/uploads\/2025\/06\/Druga_pocetna_desaturisana-1536x864.png 1536w, https:\/\/orthodoxblessings.com\/wp-content\/uploads\/2025\/06\/Druga_pocetna_desaturisana-600x338.png 600w\" sizes=\"(max-width: 1920px) 100vw, 1920px\" \/>\t\t\t\t\t\t\t\t\t\t\t\t\t\t\t<\/div>\n\t\t\t\t<\/div>\n\t\t\t\t<\/div>\n\t\t\t\t<\/div>\n\t\t\t\t\t<\/div>\n\t\t\t\t<\/div>\n\t\t\t\t<\/div>\n\t\t","protected":false},"excerpt":{"rendered":"<p>Donacije Koliko biste \u017eeleli da donirate? Sve donacije direktno uti\u010du na na\u0161u organizaciju i poma\u017eu nam da unapredimo na\u0161u misiju. Jedan blok za izgradnju crkve je 50 \u20ac, a donator dobija mogu\u0107nost da njegovo ime bude na zidinama crkve i sajtu Svete Petke. Po\u0161to si ve\u0107 donirao kupovinom, mo\u017ee\u0161 biti upisan kao graditelj donacijom od [&hellip;]<\/p>\n","protected":false},"author":1,"featured_media":0,"parent":0,"menu_order":0,"comment_status":"closed","ping_status":"closed","template":"","meta":{"give_campaign_id":0,"footnotes":""},"class_list":["post-5012","page","type-page","status-publish","hentry"],"campaignId":"","_links":{"self":[{"href":"https:\/\/orthodoxblessings.com\/sr\/wp-json\/wp\/v2\/pages\/5012","targetHints":{"allow":["GET"]}}],"collection":[{"href":"https:\/\/orthodoxblessings.com\/sr\/wp-json\/wp\/v2\/pages"}],"about":[{"href":"https:\/\/orthodoxblessings.com\/sr\/wp-json\/wp\/v2\/types\/page"}],"author":[{"embeddable":true,"href":"https:\/\/orthodoxblessings.com\/sr\/wp-json\/wp\/v2\/users\/1"}],"replies":[{"embeddable":true,"href":"https:\/\/orthodoxblessings.com\/sr\/wp-json\/wp\/v2\/comments?post=5012"}],"version-history":[{"count":11,"href":"https:\/\/orthodoxblessings.com\/sr\/wp-json\/wp\/v2\/pages\/5012\/revisions"}],"predecessor-version":[{"id":6646,"href":"https:\/\/orthodoxblessings.com\/sr\/wp-json\/wp\/v2\/pages\/5012\/revisions\/6646"}],"wp:attachment":[{"href":"https:\/\/orthodoxblessings.com\/sr\/wp-json\/wp\/v2\/media?parent=5012"}],"curies":[{"name":"wp","href":"https:\/\/api.w.org\/{rel}","templated":true}]}}